{"id":61,"date":"2020-12-09T05:01:17","date_gmt":"2020-12-09T05:01:17","guid":{"rendered":"http:\/\/placeresdecafe.com\/index.php\/productos\/"},"modified":"2021-02-17T17:11:03","modified_gmt":"2021-02-17T17:11:03","slug":"productos","status":"publish","type":"page","link":"https:\/\/placeresdecafe.com\/","title":{"rendered":"Productos"},"content":{"rendered":"\n<p><\/p>\n\n\n\t\t\t<div id=\"product_listing\" class=\"post-61 page type-page status-publish hentry al_product responsive\">\n\t\t\t\t<style>.product-list .classic-grid.archive-listing{width:18.79%;}@media (max-width: 950px) and (min-width: 600px) {.responsive .archive-listing.last, .responsive .archive-listing.first { clear: none;margin-right: 1.5%;}.responsive .classic-grid.archive-listing, .responsive .classic-grid.archive-listing.last { width: 31%; }.responsive .classic-grid.archive-listing:nth-child(3n + 1) { clear: left; }}.product-subcategories .classic-grid.archive-listing{width:18.79%;}@media (max-width: 950px) and (min-width: 600px) {.responsive.product-subcategories .classic-grid.archive-listing { width: 31%;  }}.ic_spinner{background: url(https:\/\/placeresdecafe.com\/wp-admin\/\/images\/spinner.gif) no-repeat;}<\/style><div class=\"product-list responsive grid \" >\r\n\r\n<div class=\"archive-listing product-223 classic-grid publish no-price first\">\r\n\t<a href=\"https:\/\/placeresdecafe.com\/index.php\/productos\/chiclosos-sabor-cafe-200grs\/\">\r\n\t\t<div class=\"classic-grid-image-wrapper\"><div class=\"pseudo\"><\/div><div class=\"image\"><img width=\"433\" height=\"577\" src=\"https:\/\/placeresdecafe.com\/wp-content\/uploads\/2024\/11\/chicloso.png\" class=\"classic-grid-image\" alt=\"Chiclosos sabor caf\u00e9  200grs\" loading=\"lazy\" srcset=\"https:\/\/placeresdecafe.com\/wp-content\/uploads\/2024\/11\/chicloso.png 433w, https:\/\/placeresdecafe.com\/wp-content\/uploads\/2024\/11\/chicloso-225x300.png 225w, https:\/\/placeresdecafe.com\/wp-content\/uploads\/2024\/11\/chicloso-120x160.png 120w\" sizes=\"(max-width: 433px) 100vw, 433px\" \/><\/div><\/div>\r\n\t\t<h3 class=\"product-name\">Chiclosos sabor caf\u00e9  200grs<\/h3>\t\t\t<\/a>\r\n\t<\/div>\r\n\r\n\r\n\r\n<div class=\"archive-listing product-220 classic-grid publish no-price middle\">\r\n\t<a href=\"https:\/\/placeresdecafe.com\/index.php\/productos\/frescas-sabor-cafe-270grs\/\">\r\n\t\t<div class=\"classic-grid-image-wrapper\"><div class=\"pseudo\"><\/div><div class=\"image\"><img width=\"360\" height=\"540\" src=\"https:\/\/placeresdecafe.com\/wp-content\/uploads\/2024\/11\/frescas-1.jpg\" class=\"classic-grid-image\" alt=\"Frescas sabor caf\u00e9  270grs\" loading=\"lazy\" srcset=\"https:\/\/placeresdecafe.com\/wp-content\/uploads\/2024\/11\/frescas-1.jpg 360w, https:\/\/placeresdecafe.com\/wp-content\/uploads\/2024\/11\/frescas-1-200x300.jpg 200w, https:\/\/placeresdecafe.com\/wp-content\/uploads\/2024\/11\/frescas-1-107x160.jpg 107w\" sizes=\"(max-width: 360px) 100vw, 360px\" \/><\/div><\/div>\r\n\t\t<h3 class=\"product-name\">Frescas sabor caf\u00e9  270grs<\/h3>\t\t\t<\/a>\r\n\t<\/div>\r\n\r\n\r\n\r\n<div class=\"archive-listing product-200 classic-grid publish no-price middle\">\r\n\t<a href=\"https:\/\/placeresdecafe.com\/index.php\/productos\/granos-de-cafe-cubiertos-con-chocolate-chico\/\">\r\n\t\t<div class=\"classic-grid-image-wrapper\"><div class=\"pseudo\"><\/div><div class=\"image\"><img width=\"450\" height=\"600\" src=\"https:\/\/placeresdecafe.com\/wp-content\/uploads\/2021\/03\/IMG_E5393-450x600.jpg\" class=\"classic-grid-image\" alt=\"Granos de caf\u00e9 cubiertos con chocolate. (Chico 130 grs)\" loading=\"lazy\" srcset=\"https:\/\/placeresdecafe.com\/wp-content\/uploads\/2021\/03\/IMG_E5393-450x600.jpg 450w, https:\/\/placeresdecafe.com\/wp-content\/uploads\/2021\/03\/IMG_E5393-225x300.jpg 225w, https:\/\/placeresdecafe.com\/wp-content\/uploads\/2021\/03\/IMG_E5393-768x1024.jpg 768w, https:\/\/placeresdecafe.com\/wp-content\/uploads\/2021\/03\/IMG_E5393-1152x1536.jpg 1152w, https:\/\/placeresdecafe.com\/wp-content\/uploads\/2021\/03\/IMG_E5393-1536x2048.jpg 1536w, https:\/\/placeresdecafe.com\/wp-content\/uploads\/2021\/03\/IMG_E5393-120x160.jpg 120w, https:\/\/placeresdecafe.com\/wp-content\/uploads\/2021\/03\/IMG_E5393-scaled.jpg 1920w\" sizes=\"(max-width: 450px) 100vw, 450px\" \/><\/div><\/div>\r\n\t\t<h3 class=\"product-name\">Granos de caf\u00e9 cubiertos con chocolate. (Chico 130 grs)<\/h3>\t\t\t<\/a>\r\n\t<\/div>\r\n\r\n\r\n\r\n<div class=\"archive-listing product-197 classic-grid publish no-price middle\">\r\n\t<a href=\"https:\/\/placeresdecafe.com\/index.php\/productos\/granos-de-cafe-cubiertos-con-chocolate-mediano\/\">\r\n\t\t<div class=\"classic-grid-image-wrapper\"><div class=\"pseudo\"><\/div><div class=\"image\"><img width=\"450\" height=\"600\" src=\"https:\/\/placeresdecafe.com\/wp-content\/uploads\/2021\/03\/Granos-de-Cafe-2-450x600.jpeg\" class=\"classic-grid-image\" alt=\"Granos de caf\u00e9 cubiertos con chocolate. (Mediano 380 grs)\" loading=\"lazy\" srcset=\"https:\/\/placeresdecafe.com\/wp-content\/uploads\/2021\/03\/Granos-de-Cafe-2-450x600.jpeg 450w, https:\/\/placeresdecafe.com\/wp-content\/uploads\/2021\/03\/Granos-de-Cafe-2-225x300.jpeg 225w, https:\/\/placeresdecafe.com\/wp-content\/uploads\/2021\/03\/Granos-de-Cafe-2-120x160.jpeg 120w, https:\/\/placeresdecafe.com\/wp-content\/uploads\/2021\/03\/Granos-de-Cafe-2.jpeg 768w\" sizes=\"(max-width: 450px) 100vw, 450px\" \/><\/div><\/div>\r\n\t\t<h3 class=\"product-name\">Granos de caf\u00e9 cubiertos con chocolate. (Mediano 380 grs)<\/h3>\t\t\t<\/a>\r\n\t<\/div>\r\n\r\n\r\n\r\n<div class=\"archive-listing product-95 classic-grid publish no-price last\">\r\n\t<a href=\"https:\/\/placeresdecafe.com\/index.php\/productos\/granos-de-cafe-cubiertos-con-chocolate\/\">\r\n\t\t<div class=\"classic-grid-image-wrapper\"><div class=\"pseudo\"><\/div><div class=\"image\"><img width=\"600\" height=\"600\" src=\"https:\/\/placeresdecafe.com\/wp-content\/uploads\/2020\/12\/granos-de-cafe-600x600.jpeg\" class=\"classic-grid-image\" alt=\"Granos de caf\u00e9 cubiertos con chocolate. 70 grs\" loading=\"lazy\" srcset=\"https:\/\/placeresdecafe.com\/wp-content\/uploads\/2020\/12\/granos-de-cafe-600x600.jpeg 600w, https:\/\/placeresdecafe.com\/wp-content\/uploads\/2020\/12\/granos-de-cafe-300x300.jpeg 300w, https:\/\/placeresdecafe.com\/wp-content\/uploads\/2020\/12\/granos-de-cafe-1024x1024.jpeg 1024w, https:\/\/placeresdecafe.com\/wp-content\/uploads\/2020\/12\/granos-de-cafe-150x150.jpeg 150w, https:\/\/placeresdecafe.com\/wp-content\/uploads\/2020\/12\/granos-de-cafe-768x768.jpeg 768w, https:\/\/placeresdecafe.com\/wp-content\/uploads\/2020\/12\/granos-de-cafe-160x160.jpeg 160w, https:\/\/placeresdecafe.com\/wp-content\/uploads\/2020\/12\/granos-de-cafe.jpeg 1280w\" sizes=\"(max-width: 600px) 100vw, 600px\" \/><\/div><\/div>\r\n\t\t<h3 class=\"product-name\">Granos de caf\u00e9 cubiertos con chocolate. 70 grs<\/h3>\t\t\t<\/a>\r\n\t<\/div>\r\n\r\n\r\n\r\n<div class=\"archive-listing product-120 classic-grid publish no-price first\">\r\n\t<a href=\"https:\/\/placeresdecafe.com\/index.php\/productos\/granos-de-cafe-cubiertos-con-chocolate-2\/\">\r\n\t\t<div class=\"classic-grid-image-wrapper\"><div class=\"pseudo\"><\/div><div class=\"image\"><img width=\"450\" height=\"600\" src=\"https:\/\/placeresdecafe.com\/wp-content\/uploads\/2021\/01\/DGranosdeCafe-450x600.jpg\" class=\"classic-grid-image\" alt=\"Granos de caf\u00e9 cubiertos con chocolate. 200 grs\" loading=\"lazy\" srcset=\"https:\/\/placeresdecafe.com\/wp-content\/uploads\/2021\/01\/DGranosdeCafe-450x600.jpg 450w, https:\/\/placeresdecafe.com\/wp-content\/uploads\/2021\/01\/DGranosdeCafe-225x300.jpg 225w, https:\/\/placeresdecafe.com\/wp-content\/uploads\/2021\/01\/DGranosdeCafe-768x1024.jpg 768w, https:\/\/placeresdecafe.com\/wp-content\/uploads\/2021\/01\/DGranosdeCafe-120x160.jpg 120w, https:\/\/placeresdecafe.com\/wp-content\/uploads\/2021\/01\/DGranosdeCafe.jpg 960w\" sizes=\"(max-width: 450px) 100vw, 450px\" \/><\/div><\/div>\r\n\t\t<h3 class=\"product-name\">Granos de caf\u00e9 cubiertos con chocolate. 200 grs<\/h3>\t\t\t<\/a>\r\n\t<\/div>\r\n\r\n\r\n\r\n<div class=\"archive-listing product-113 classic-grid publish no-price middle\">\r\n\t<a href=\"https:\/\/placeresdecafe.com\/index.php\/productos\/galletas-sabor-cafe-2\/\">\r\n\t\t<div class=\"classic-grid-image-wrapper\"><div class=\"pseudo\"><\/div><div class=\"image\"><img width=\"600\" height=\"589\" src=\"https:\/\/placeresdecafe.com\/wp-content\/uploads\/2020\/12\/galleta-fasco-tapa-metalica-600x589.jpg\" class=\"classic-grid-image\" alt=\"Galletas sabor Caf\u00e9  (Grande 275 grs)\" loading=\"lazy\" srcset=\"https:\/\/placeresdecafe.com\/wp-content\/uploads\/2020\/12\/galleta-fasco-tapa-metalica-600x589.jpg 600w, https:\/\/placeresdecafe.com\/wp-content\/uploads\/2020\/12\/galleta-fasco-tapa-metalica-300x294.jpg 300w, https:\/\/placeresdecafe.com\/wp-content\/uploads\/2020\/12\/galleta-fasco-tapa-metalica-1024x1005.jpg 1024w, https:\/\/placeresdecafe.com\/wp-content\/uploads\/2020\/12\/galleta-fasco-tapa-metalica-768x754.jpg 768w, https:\/\/placeresdecafe.com\/wp-content\/uploads\/2020\/12\/galleta-fasco-tapa-metalica-163x160.jpg 163w, https:\/\/placeresdecafe.com\/wp-content\/uploads\/2020\/12\/galleta-fasco-tapa-metalica.jpg 1280w\" sizes=\"(max-width: 600px) 100vw, 600px\" \/><\/div><\/div>\r\n\t\t<h3 class=\"product-name\">Galletas sabor Caf\u00e9  (Grande 275 grs)<\/h3>\t\t\t<\/a>\r\n\t<\/div>\r\n\r\n\r\n\r\n<div class=\"archive-listing product-206 classic-grid publish no-price middle\">\r\n\t<a href=\"https:\/\/placeresdecafe.com\/index.php\/productos\/galletas-sabor-cafe-mediano\/\">\r\n\t\t<div class=\"classic-grid-image-wrapper\"><div class=\"pseudo\"><\/div><div class=\"image\"><img width=\"600\" height=\"589\" src=\"https:\/\/placeresdecafe.com\/wp-content\/uploads\/2020\/12\/galleta-fasco-tapa-metalica-600x589.jpg\" class=\"classic-grid-image\" alt=\"Galletas sabor Caf\u00e9  (Mediano)\" loading=\"lazy\" srcset=\"https:\/\/placeresdecafe.com\/wp-content\/uploads\/2020\/12\/galleta-fasco-tapa-metalica-600x589.jpg 600w, https:\/\/placeresdecafe.com\/wp-content\/uploads\/2020\/12\/galleta-fasco-tapa-metalica-300x294.jpg 300w, https:\/\/placeresdecafe.com\/wp-content\/uploads\/2020\/12\/galleta-fasco-tapa-metalica-1024x1005.jpg 1024w, https:\/\/placeresdecafe.com\/wp-content\/uploads\/2020\/12\/galleta-fasco-tapa-metalica-768x754.jpg 768w, https:\/\/placeresdecafe.com\/wp-content\/uploads\/2020\/12\/galleta-fasco-tapa-metalica-163x160.jpg 163w, https:\/\/placeresdecafe.com\/wp-content\/uploads\/2020\/12\/galleta-fasco-tapa-metalica.jpg 1280w\" sizes=\"(max-width: 600px) 100vw, 600px\" \/><\/div><\/div>\r\n\t\t<h3 class=\"product-name\">Galletas sabor Caf\u00e9  (Mediano)<\/h3>\t\t\t<\/a>\r\n\t<\/div>\r\n\r\n\r\n\r\n<div class=\"archive-listing product-112 classic-grid publish no-price middle\">\r\n\t<a href=\"https:\/\/placeresdecafe.com\/index.php\/productos\/bombon-de-cafe-2\/\">\r\n\t\t<div class=\"classic-grid-image-wrapper\"><div class=\"pseudo\"><\/div><div class=\"image\"><img width=\"600\" height=\"600\" src=\"https:\/\/placeresdecafe.com\/wp-content\/uploads\/2020\/12\/bombones-600x600.jpeg\" class=\"classic-grid-image\" alt=\"Bomb\u00f3n sabor caf\u00e9. 160grs\" loading=\"lazy\" srcset=\"https:\/\/placeresdecafe.com\/wp-content\/uploads\/2020\/12\/bombones-600x600.jpeg 600w, https:\/\/placeresdecafe.com\/wp-content\/uploads\/2020\/12\/bombones-300x300.jpeg 300w, https:\/\/placeresdecafe.com\/wp-content\/uploads\/2020\/12\/bombones-1024x1024.jpeg 1024w, https:\/\/placeresdecafe.com\/wp-content\/uploads\/2020\/12\/bombones-150x150.jpeg 150w, https:\/\/placeresdecafe.com\/wp-content\/uploads\/2020\/12\/bombones-768x768.jpeg 768w, https:\/\/placeresdecafe.com\/wp-content\/uploads\/2020\/12\/bombones-160x160.jpeg 160w, https:\/\/placeresdecafe.com\/wp-content\/uploads\/2020\/12\/bombones.jpeg 1280w\" sizes=\"(max-width: 600px) 100vw, 600px\" \/><\/div><\/div>\r\n\t\t<h3 class=\"product-name\">Bomb\u00f3n sabor caf\u00e9. 160grs<\/h3>\t\t\t<\/a>\r\n\t<\/div>\r\n\r\n\r\n\r\n<div class=\"archive-listing product-208 classic-grid publish no-price last\">\r\n\t<a href=\"https:\/\/placeresdecafe.com\/index.php\/productos\/bombon-sabor-cafe-185grs\/\">\r\n\t\t<div class=\"classic-grid-image-wrapper\"><div class=\"pseudo\"><\/div><div class=\"image\"><img width=\"562\" height=\"600\" src=\"https:\/\/placeresdecafe.com\/wp-content\/uploads\/2021\/03\/bombones-cajita-1-562x600.jpg\" class=\"classic-grid-image\" alt=\"Bomb\u00f3n sabor caf\u00e9. 185grs\" loading=\"lazy\" srcset=\"https:\/\/placeresdecafe.com\/wp-content\/uploads\/2021\/03\/bombones-cajita-1-562x600.jpg 562w, https:\/\/placeresdecafe.com\/wp-content\/uploads\/2021\/03\/bombones-cajita-1-281x300.jpg 281w, https:\/\/placeresdecafe.com\/wp-content\/uploads\/2021\/03\/bombones-cajita-1-958x1024.jpg 958w, https:\/\/placeresdecafe.com\/wp-content\/uploads\/2021\/03\/bombones-cajita-1-768x821.jpg 768w, https:\/\/placeresdecafe.com\/wp-content\/uploads\/2021\/03\/bombones-cajita-1-150x160.jpg 150w, https:\/\/placeresdecafe.com\/wp-content\/uploads\/2021\/03\/bombones-cajita-1.jpg 1198w\" sizes=\"(max-width: 562px) 100vw, 562px\" \/><\/div><\/div>\r\n\t\t<h3 class=\"product-name\">Bomb\u00f3n sabor caf\u00e9. 185grs<\/h3>\t\t\t<\/a>\r\n\t<\/div>\r\n\r\n\r\n\r\n<div class=\"archive-listing product-99 classic-grid publish no-price first\">\r\n\t<a href=\"https:\/\/placeresdecafe.com\/index.php\/productos\/lunetas-sabor-a-cafe-y-chocolate-confitado-350-gramos\/\">\r\n\t\t<div class=\"classic-grid-image-wrapper\"><div class=\"pseudo\"><\/div><div class=\"image\"><img width=\"450\" height=\"600\" src=\"https:\/\/placeresdecafe.com\/wp-content\/uploads\/2020\/12\/DLunetas-450x600.jpg\" class=\"classic-grid-image\" alt=\"Lunetas sabor a caf\u00e9 y chocolate confitado. 300 grs\" loading=\"lazy\" srcset=\"https:\/\/placeresdecafe.com\/wp-content\/uploads\/2020\/12\/DLunetas-450x600.jpg 450w, https:\/\/placeresdecafe.com\/wp-content\/uploads\/2020\/12\/DLunetas-225x300.jpg 225w, https:\/\/placeresdecafe.com\/wp-content\/uploads\/2020\/12\/DLunetas-120x160.jpg 120w, https:\/\/placeresdecafe.com\/wp-content\/uploads\/2020\/12\/DLunetas.jpg 768w\" sizes=\"(max-width: 450px) 100vw, 450px\" \/><\/div><\/div>\r\n\t\t<h3 class=\"product-name\">Lunetas sabor a caf\u00e9 y chocolate confitado. 300 grs<\/h3>\t\t\t<\/a>\r\n\t<\/div>\r\n\r\n\r\n\r\n<div class=\"archive-listing product-210 classic-grid publish no-price middle\">\r\n\t<a href=\"https:\/\/placeresdecafe.com\/index.php\/productos\/lunetas-sabor-a-cafe-y-chocolate-confitado-grande\/\">\r\n\t\t<div class=\"classic-grid-image-wrapper\"><div class=\"pseudo\"><\/div><div class=\"image\"><img width=\"450\" height=\"600\" src=\"https:\/\/placeresdecafe.com\/wp-content\/uploads\/2021\/03\/lunetasM-450x600.jpeg\" class=\"classic-grid-image\" alt=\"Lunetas sabor a caf\u00e9 y chocolate confitado. (Chico 140 grs)\" loading=\"lazy\" srcset=\"https:\/\/placeresdecafe.com\/wp-content\/uploads\/2021\/03\/lunetasM-450x600.jpeg 450w, https:\/\/placeresdecafe.com\/wp-content\/uploads\/2021\/03\/lunetasM-225x300.jpeg 225w, https:\/\/placeresdecafe.com\/wp-content\/uploads\/2021\/03\/lunetasM-120x160.jpeg 120w, https:\/\/placeresdecafe.com\/wp-content\/uploads\/2021\/03\/lunetasM.jpeg 768w\" sizes=\"(max-width: 450px) 100vw, 450px\" \/><\/div><\/div>\r\n\t\t<h3 class=\"product-name\">Lunetas sabor a caf\u00e9 y chocolate confitado. (Chico 140 grs)<\/h3>\t\t\t<\/a>\r\n\t<\/div>\r\n\r\n\r\n\r\n<div class=\"archive-listing product-215 classic-grid publish no-price middle\">\r\n\t<a href=\"https:\/\/placeresdecafe.com\/index.php\/productos\/lunetas-sabor-a-cafe-y-chocolate-confitado-grande-2-2\/\">\r\n\t\t<div class=\"classic-grid-image-wrapper\"><div class=\"pseudo\"><\/div><div class=\"image\"><img width=\"450\" height=\"600\" src=\"https:\/\/placeresdecafe.com\/wp-content\/uploads\/2021\/03\/lunetasM-450x600.jpeg\" class=\"classic-grid-image\" alt=\"Lunetas sabor a caf\u00e9 y chocolate confitado. (Mediano 400 grs)\" loading=\"lazy\" srcset=\"https:\/\/placeresdecafe.com\/wp-content\/uploads\/2021\/03\/lunetasM-450x600.jpeg 450w, https:\/\/placeresdecafe.com\/wp-content\/uploads\/2021\/03\/lunetasM-225x300.jpeg 225w, https:\/\/placeresdecafe.com\/wp-content\/uploads\/2021\/03\/lunetasM-120x160.jpeg 120w, https:\/\/placeresdecafe.com\/wp-content\/uploads\/2021\/03\/lunetasM.jpeg 768w\" sizes=\"(max-width: 450px) 100vw, 450px\" \/><\/div><\/div>\r\n\t\t<h3 class=\"product-name\">Lunetas sabor a caf\u00e9 y chocolate confitado. (Mediano 400 grs)<\/h3>\t\t\t<\/a>\r\n\t<\/div>\r\n\r\n\r\n\r\n<div class=\"archive-listing product-214 classic-grid publish no-price middle\">\r\n\t<a href=\"https:\/\/placeresdecafe.com\/index.php\/productos\/lunetas-sabor-a-cafe-y-chocolate-confitado-grande-2\/\">\r\n\t\t<div class=\"classic-grid-image-wrapper\"><div class=\"pseudo\"><\/div><div class=\"image\"><img width=\"450\" height=\"600\" src=\"https:\/\/placeresdecafe.com\/wp-content\/uploads\/2021\/03\/lunetasM-450x600.jpeg\" class=\"classic-grid-image\" alt=\"Lunetas sabor a caf\u00e9 y chocolate confitado. (Grande 575 grs)\" loading=\"lazy\" srcset=\"https:\/\/placeresdecafe.com\/wp-content\/uploads\/2021\/03\/lunetasM-450x600.jpeg 450w, https:\/\/placeresdecafe.com\/wp-content\/uploads\/2021\/03\/lunetasM-225x300.jpeg 225w, https:\/\/placeresdecafe.com\/wp-content\/uploads\/2021\/03\/lunetasM-120x160.jpeg 120w, https:\/\/placeresdecafe.com\/wp-content\/uploads\/2021\/03\/lunetasM.jpeg 768w\" sizes=\"(max-width: 450px) 100vw, 450px\" \/><\/div><\/div>\r\n\t\t<h3 class=\"product-name\">Lunetas sabor a caf\u00e9 y chocolate confitado. (Grande 575 grs)<\/h3>\t\t\t<\/a>\r\n\t<\/div>\r\n\r\n\r\n\r\n<div class=\"archive-listing product-111 classic-grid publish no-price last\">\r\n\t<a href=\"https:\/\/placeresdecafe.com\/index.php\/productos\/lunetas-sabor-a-cafe-y-chocolate-confitado-2\/\">\r\n\t\t<div class=\"classic-grid-image-wrapper\"><div class=\"pseudo\"><\/div><div class=\"image\"><img width=\"600\" height=\"600\" src=\"https:\/\/placeresdecafe.com\/wp-content\/uploads\/2020\/12\/Lunetas-600x600.jpeg\" class=\"classic-grid-image\" alt=\"Lunetas sabor a caf\u00e9 y chocolate confitado. Minifrasco 100grs\" loading=\"lazy\" srcset=\"https:\/\/placeresdecafe.com\/wp-content\/uploads\/2020\/12\/Lunetas-600x600.jpeg 600w, https:\/\/placeresdecafe.com\/wp-content\/uploads\/2020\/12\/Lunetas-300x300.jpeg 300w, https:\/\/placeresdecafe.com\/wp-content\/uploads\/2020\/12\/Lunetas-1024x1024.jpeg 1024w, https:\/\/placeresdecafe.com\/wp-content\/uploads\/2020\/12\/Lunetas-150x150.jpeg 150w, https:\/\/placeresdecafe.com\/wp-content\/uploads\/2020\/12\/Lunetas-768x768.jpeg 768w, https:\/\/placeresdecafe.com\/wp-content\/uploads\/2020\/12\/Lunetas-160x160.jpeg 160w, https:\/\/placeresdecafe.com\/wp-content\/uploads\/2020\/12\/Lunetas.jpeg 1280w\" sizes=\"(max-width: 600px) 100vw, 600px\" \/><\/div><\/div>\r\n\t\t<h3 class=\"product-name\">Lunetas sabor a caf\u00e9 y chocolate confitado. Minifrasco 100grs<\/h3>\t\t\t<\/a>\r\n\t<\/div>\r\n\r\n\r\n\r\n<div class=\"archive-listing product-101 classic-grid publish no-price first\">\r\n\t<a href=\"https:\/\/placeresdecafe.com\/index.php\/productos\/almendras-con-chocolate-blanco-y-te-matcha\/\">\r\n\t\t<div class=\"classic-grid-image-wrapper\"><div class=\"pseudo\"><\/div><div class=\"image\"><img width=\"450\" height=\"600\" src=\"https:\/\/placeresdecafe.com\/wp-content\/uploads\/2020\/12\/almendra-bolsa-450x600.jpg\" class=\"classic-grid-image\" alt=\"Almendras con chocolate blanco y t\u00e9 matcha\" loading=\"lazy\" srcset=\"https:\/\/placeresdecafe.com\/wp-content\/uploads\/2020\/12\/almendra-bolsa-450x600.jpg 450w, https:\/\/placeresdecafe.com\/wp-content\/uploads\/2020\/12\/almendra-bolsa-225x300.jpg 225w, https:\/\/placeresdecafe.com\/wp-content\/uploads\/2020\/12\/almendra-bolsa-120x160.jpg 120w, https:\/\/placeresdecafe.com\/wp-content\/uploads\/2020\/12\/almendra-bolsa.jpg 768w\" sizes=\"(max-width: 450px) 100vw, 450px\" \/><\/div><\/div>\r\n\t\t<h3 class=\"product-name\">Almendras con chocolate blanco y t\u00e9 matcha<\/h3>\t\t\t<\/a>\r\n\t<\/div>\r\n\r\n\r\n\r\n<div class=\"archive-listing product-97 classic-grid publish no-price middle\">\r\n\t<a href=\"https:\/\/placeresdecafe.com\/index.php\/productos\/gomitas-cafe-o-crema-irlandesa\/\">\r\n\t\t<div class=\"classic-grid-image-wrapper\"><div class=\"pseudo\"><\/div><div class=\"image\"><img width=\"495\" height=\"600\" src=\"https:\/\/placeresdecafe.com\/wp-content\/uploads\/2020\/12\/Dgomitasbolsa-495x600.jpg\" class=\"classic-grid-image\" alt=\"Gomitas: caf\u00e9 \u00f3 crema irlandesa.\" loading=\"lazy\" srcset=\"https:\/\/placeresdecafe.com\/wp-content\/uploads\/2020\/12\/Dgomitasbolsa-495x600.jpg 495w, https:\/\/placeresdecafe.com\/wp-content\/uploads\/2020\/12\/Dgomitasbolsa-248x300.jpg 248w, https:\/\/placeresdecafe.com\/wp-content\/uploads\/2020\/12\/Dgomitasbolsa-845x1024.jpg 845w, https:\/\/placeresdecafe.com\/wp-content\/uploads\/2020\/12\/Dgomitasbolsa-768x931.jpg 768w, https:\/\/placeresdecafe.com\/wp-content\/uploads\/2020\/12\/Dgomitasbolsa-132x160.jpg 132w, https:\/\/placeresdecafe.com\/wp-content\/uploads\/2020\/12\/Dgomitasbolsa.jpg 1056w\" sizes=\"(max-width: 495px) 100vw, 495px\" \/><\/div><\/div>\r\n\t\t<h3 class=\"product-name\">Gomitas: caf\u00e9 \u00f3 crema irlandesa.<\/h3>\t\t\t<\/a>\r\n\t<\/div>\r\n\r\n\r\n\r\n<div class=\"archive-listing product-93 classic-grid publish no-price middle\">\r\n\t<a href=\"https:\/\/placeresdecafe.com\/index.php\/productos\/pulsera-ajustable-para-mujer\/\">\r\n\t\t<div class=\"classic-grid-image-wrapper\"><div class=\"pseudo\"><\/div><div class=\"image\"><img width=\"584\" height=\"600\" src=\"https:\/\/placeresdecafe.com\/wp-content\/uploads\/2020\/12\/pulsera-584x600.jpeg\" class=\"classic-grid-image\" alt=\"Pulsera ajustable para mujer\" loading=\"lazy\" srcset=\"https:\/\/placeresdecafe.com\/wp-content\/uploads\/2020\/12\/pulsera-584x600.jpeg 584w, https:\/\/placeresdecafe.com\/wp-content\/uploads\/2020\/12\/pulsera-292x300.jpeg 292w, https:\/\/placeresdecafe.com\/wp-content\/uploads\/2020\/12\/pulsera-997x1024.jpeg 997w, https:\/\/placeresdecafe.com\/wp-content\/uploads\/2020\/12\/pulsera-768x789.jpeg 768w, https:\/\/placeresdecafe.com\/wp-content\/uploads\/2020\/12\/pulsera-156x160.jpeg 156w, https:\/\/placeresdecafe.com\/wp-content\/uploads\/2020\/12\/pulsera.jpeg 1246w\" sizes=\"(max-width: 584px) 100vw, 584px\" \/><\/div><\/div>\r\n\t\t<h3 class=\"product-name\">Pulsera ajustable para mujer<\/h3>\t\t\t<\/a>\r\n\t<\/div>\r\n\r\n\r\n\r\n<div class=\"archive-listing product-91 classic-grid publish no-price middle\">\r\n\t<a href=\"https:\/\/placeresdecafe.com\/index.php\/productos\/cafe-de-cordoba-veracruz-tostado-y-molido\/\">\r\n\t\t<div class=\"classic-grid-image-wrapper\"><div class=\"pseudo\"><\/div><div class=\"image\"><img width=\"461\" height=\"600\" src=\"https:\/\/placeresdecafe.com\/wp-content\/uploads\/2020\/12\/Dcafebolsa-461x600.jpg\" class=\"classic-grid-image\" alt=\"Caf\u00e9 de C\u00f3rdoba, Veracruz, tostado y molido\" loading=\"lazy\" srcset=\"https:\/\/placeresdecafe.com\/wp-content\/uploads\/2020\/12\/Dcafebolsa-461x600.jpg 461w, https:\/\/placeresdecafe.com\/wp-content\/uploads\/2020\/12\/Dcafebolsa-231x300.jpg 231w, https:\/\/placeresdecafe.com\/wp-content\/uploads\/2020\/12\/Dcafebolsa-787x1024.jpg 787w, https:\/\/placeresdecafe.com\/wp-content\/uploads\/2020\/12\/Dcafebolsa-768x999.jpg 768w, https:\/\/placeresdecafe.com\/wp-content\/uploads\/2020\/12\/Dcafebolsa-123x160.jpg 123w, https:\/\/placeresdecafe.com\/wp-content\/uploads\/2020\/12\/Dcafebolsa.jpg 984w\" sizes=\"(max-width: 461px) 100vw, 461px\" \/><\/div><\/div>\r\n\t\t<h3 class=\"product-name\">Caf\u00e9 de C\u00f3rdoba, Veracruz, tostado y molido<\/h3>\t\t\t<\/a>\r\n\t<\/div>\r\n\r\n\r\n\r\n<div class=\"archive-listing product-89 classic-grid publish no-price last\">\r\n\t<a href=\"https:\/\/placeresdecafe.com\/index.php\/productos\/cacahuate-garapinado-con-azucar-y-cafe\/\">\r\n\t\t<div class=\"classic-grid-image-wrapper\"><div class=\"pseudo\"><\/div><div class=\"image\"><img width=\"450\" height=\"600\" src=\"https:\/\/placeresdecafe.com\/wp-content\/uploads\/2020\/12\/garapinado-450x600.jpeg\" class=\"classic-grid-image\" alt=\"Cacahuate garapi\u00f1ado con az\u00facar y caf\u00e9\" loading=\"lazy\" srcset=\"https:\/\/placeresdecafe.com\/wp-content\/uploads\/2020\/12\/garapinado-450x600.jpeg 450w, https:\/\/placeresdecafe.com\/wp-content\/uploads\/2020\/12\/garapinado-225x300.jpeg 225w, https:\/\/placeresdecafe.com\/wp-content\/uploads\/2020\/12\/garapinado-768x1024.jpeg 768w, https:\/\/placeresdecafe.com\/wp-content\/uploads\/2020\/12\/garapinado-120x160.jpeg 120w, https:\/\/placeresdecafe.com\/wp-content\/uploads\/2020\/12\/garapinado.jpeg 960w\" sizes=\"(max-width: 450px) 100vw, 450px\" \/><\/div><\/div>\r\n\t\t<h3 class=\"product-name\">Cacahuate garapi\u00f1ado con az\u00facar y caf\u00e9<\/h3>\t\t\t<\/a>\r\n\t<\/div>\r\n\r\n<\/div>\t<span class=\"clear\"><\/span>\r\n\t\t\t\t<\/div>\n\t\t\t","protected":false},"excerpt":{"rendered":"","protected":false},"author":1,"featured_media":0,"parent":0,"menu_order":0,"comment_status":"closed","ping_status":"closed","template":"page-template\/custom-home-page.php","meta":[],"_links":{"self":[{"href":"https:\/\/placeresdecafe.com\/index.php\/wp-json\/wp\/v2\/pages\/61"}],"collection":[{"href":"https:\/\/placeresdecafe.com\/index.php\/wp-json\/wp\/v2\/pages"}],"about":[{"href":"https:\/\/placeresdecafe.com\/index.php\/wp-json\/wp\/v2\/types\/page"}],"author":[{"embeddable":true,"href":"https:\/\/placeresdecafe.com\/index.php\/wp-json\/wp\/v2\/users\/1"}],"replies":[{"embeddable":true,"href":"https:\/\/placeresdecafe.com\/index.php\/wp-json\/wp\/v2\/comments?post=61"}],"version-history":[{"count":2,"href":"https:\/\/placeresdecafe.com\/index.php\/wp-json\/wp\/v2\/pages\/61\/revisions"}],"predecessor-version":[{"id":167,"href":"https:\/\/placeresdecafe.com\/index.php\/wp-json\/wp\/v2\/pages\/61\/revisions\/167"}],"wp:attachment":[{"href":"https:\/\/placeresdecafe.com\/index.php\/wp-json\/wp\/v2\/media?parent=61"}],"curies":[{"name":"wp","href":"https:\/\/api.w.org\/{rel}","templated":true}]}}